{"id":817,"date":"2024-10-01T23:53:44","date_gmt":"2024-10-01T23:53:44","guid":{"rendered":"http:\/\/localhost\/drinks\/?post_type=product&#038;p=817"},"modified":"2024-10-01T23:55:11","modified_gmt":"2024-10-01T23:55:11","slug":"cupreata-inaequidens-48","status":"publish","type":"product","link":"https:\/\/rmhstore.softinnovation.com.mx\/index.php\/producto\/cupreata-inaequidens-48\/","title":{"rendered":"Cupreata \/ Inaequidens 48"},"content":{"rendered":"<h4 class=\"font-serif text-2xl font-bold\">Notas de la Cata<\/h4>\n<div class=\"flex flex-col gap-1\">\n<h5 class=\"font-serif text-reno-sand-600\">An\u00e1lisis Visual<\/h5>\n<p>L\u00edquido color transparente con destellos plateados.<\/p>\n<\/div>\n<div class=\"flex flex-col gap-1\">\n<h5 class=\"font-serif text-reno-sand-600\">An\u00e1lisis Olfativo<\/h5>\n<p>Intensidad alta con car\u00e1cter arom\u00e1tico Herbal-frutal. Notas frutales y herbales adem\u00e1s como eucalipto y frutas c\u00edtricas como granada.<\/p>\n<\/div>\n<div class=\"flex flex-col gap-1\">\n<h5 class=\"font-serif text-reno-sand-600\">An\u00e1lisis Gustativo<\/h5>\n<p>Confirmamos en paladar notas herbales, minerales y especial como clavo y frutas frescas.<\/p>\n<\/div>\n","protected":false},"excerpt":{"rendered":"<h4 class=\"font-serif text-2xl font-bold\">Maridaje<\/h4>\n<div class=\"flex flex-col gap-1\">\n<h5 class=\"font-serif text-reno-sand-600\">Recomendable con<\/h5>\n<p>Quesos manchego, ranchero, cabra y yogurt griego. Frutas como: mazana verde, durazno, pl\u00e1tano, pi\u00f1a miel, nanches y tomatillo. Ensaladas con buena acidez, ensaladas con yogurt o quesos, salsas agridulces, salsas con toque de salsa inglesa y de soya. Prote\u00ednas blancas. Cocina tradicional mexicana, cocina espa\u00f1ola, griega o libanesa.<\/p>\n<\/div>\n","protected":false},"featured_media":806,"comment_status":"open","ping_status":"closed","template":"","meta":[],"product_cat":[15],"product_tag":[],"class_list":{"0":"post-817","1":"product","2":"type-product","3":"status-publish","4":"has-post-thumbnail","6":"product_cat-sin-categorizar","8":"first","9":"instock","10":"taxable","11":"shipping-taxable","12":"purchasable","13":"product-type-simple"},"_links":{"self":[{"href":"https:\/\/rmhstore.softinnovation.com.mx\/index.php\/wp-json\/wp\/v2\/product\/817"}],"collection":[{"href":"https:\/\/rmhstore.softinnovation.com.mx\/index.php\/wp-json\/wp\/v2\/product"}],"about":[{"href":"https:\/\/rmhstore.softinnovation.com.mx\/index.php\/wp-json\/wp\/v2\/types\/product"}],"replies":[{"embeddable":true,"href":"https:\/\/rmhstore.softinnovation.com.mx\/index.php\/wp-json\/wp\/v2\/comments?post=817"}],"wp:featuredmedia":[{"embeddable":true,"href":"https:\/\/rmhstore.softinnovation.com.mx\/index.php\/wp-json\/wp\/v2\/media\/806"}],"wp:attachment":[{"href":"https:\/\/rmhstore.softinnovation.com.mx\/index.php\/wp-json\/wp\/v2\/media?parent=817"}],"wp:term":[{"taxonomy":"product_cat","embeddable":true,"href":"https:\/\/rmhstore.softinnovation.com.mx\/index.php\/wp-json\/wp\/v2\/product_cat?post=817"},{"taxonomy":"product_tag","embeddable":true,"href":"https:\/\/rmhstore.softinnovation.com.mx\/index.php\/wp-json\/wp\/v2\/product_tag?post=817"}],"curies":[{"name":"wp","href":"https:\/\/api.w.org\/{rel}","templated":true}]}}