{"id":813,"date":"2024-10-01T23:41:46","date_gmt":"2024-10-01T23:41:46","guid":{"rendered":"http:\/\/localhost\/drinks\/?post_type=product&#038;p=813"},"modified":"2024-10-01T23:41:46","modified_gmt":"2024-10-01T23:41:46","slug":"cupreata-amaderado-48","status":"publish","type":"product","link":"https:\/\/rmhstore.softinnovation.com.mx\/index.php\/producto\/cupreata-amaderado-48\/","title":{"rendered":"Cupreata \/ Amaderado 48"},"content":{"rendered":"<h4 class=\"font-serif text-2xl font-bold\">Notas de la Cata<\/h4>\n<div class=\"flex flex-col gap-1\">\n<h5 class=\"font-serif text-reno-sand-600\">An\u00e1lisis Visual<\/h5>\n<p>L\u00edquido color transparente con detalles Blancos-Plateados.<\/p>\n<\/div>\n<div class=\"flex flex-col gap-1\">\n<h5 class=\"font-serif text-reno-sand-600\">An\u00e1lisis Olfativo<\/h5>\n<p>Intensidad media alta con car\u00e1cter arom\u00e1tico Herbal-Mineral. Notas frutales como minerales y notas ahumadas que nos hacen recordar al bosque.<\/p>\n<\/div>\n<div class=\"flex flex-col gap-1\">\n<h5 class=\"font-serif text-reno-sand-600\">An\u00e1lisis Gustativo<\/h5>\n<p>Confirmamos nota minerales y muy frutales, despertando el paladar a notas anisadas.<\/p>\n<\/div>\n","protected":false},"excerpt":{"rendered":"<h4 class=\"font-serif text-2xl font-bold\">Maridaje<\/h4>\n<div class=\"flex flex-col gap-1\">\n<h5 class=\"font-serif text-reno-sand-600\">Recomendable con<\/h5>\n<p>Quesos de cabra, ranchero, camembert y gouda. Frutas como: aguacate, manzana roja, guayaba, higos y per\u00f3n. Ensaladas con, aguacate relleno, salm\u00f3n y salsa suave, sushi de at\u00fan, camarones curry, prote\u00ednas blancas con canela, romero o pimiento. Comida tradicional mexicana, argentina, cortes de carne, italiana o libanesa.<\/p>\n<\/div>\n","protected":false},"featured_media":809,"comment_status":"open","ping_status":"closed","template":"","meta":[],"product_cat":[15],"product_tag":[],"class_list":{"0":"post-813","1":"product","2":"type-product","3":"status-publish","4":"has-post-thumbnail","6":"product_cat-sin-categorizar","8":"first","9":"instock","10":"sale","11":"taxable","12":"shipping-taxable","13":"purchasable","14":"product-type-simple"},"_links":{"self":[{"href":"https:\/\/rmhstore.softinnovation.com.mx\/index.php\/wp-json\/wp\/v2\/product\/813"}],"collection":[{"href":"https:\/\/rmhstore.softinnovation.com.mx\/index.php\/wp-json\/wp\/v2\/product"}],"about":[{"href":"https:\/\/rmhstore.softinnovation.com.mx\/index.php\/wp-json\/wp\/v2\/types\/product"}],"replies":[{"embeddable":true,"href":"https:\/\/rmhstore.softinnovation.com.mx\/index.php\/wp-json\/wp\/v2\/comments?post=813"}],"wp:featuredmedia":[{"embeddable":true,"href":"https:\/\/rmhstore.softinnovation.com.mx\/index.php\/wp-json\/wp\/v2\/media\/809"}],"wp:attachment":[{"href":"https:\/\/rmhstore.softinnovation.com.mx\/index.php\/wp-json\/wp\/v2\/media?parent=813"}],"wp:term":[{"taxonomy":"product_cat","embeddable":true,"href":"https:\/\/rmhstore.softinnovation.com.mx\/index.php\/wp-json\/wp\/v2\/product_cat?post=813"},{"taxonomy":"product_tag","embeddable":true,"href":"https:\/\/rmhstore.softinnovation.com.mx\/index.php\/wp-json\/wp\/v2\/product_tag?post=813"}],"curies":[{"name":"wp","href":"https:\/\/api.w.org\/{rel}","templated":true}]}}