{"id":812,"date":"2024-10-01T23:35:10","date_gmt":"2024-10-01T23:35:10","guid":{"rendered":"http:\/\/localhost\/drinks\/?post_type=product&#038;p=812"},"modified":"2024-10-01T23:36:06","modified_gmt":"2024-10-01T23:36:06","slug":"cupreata-48","status":"publish","type":"product","link":"https:\/\/rmhstore.softinnovation.com.mx\/index.php\/producto\/cupreata-48\/","title":{"rendered":"Cupreata 48"},"content":{"rendered":"<h4 class=\"font-serif text-2xl font-bold\">Notas de la Cata<\/h4>\n<div class=\"flex flex-col gap-1\">\n<h5 class=\"font-serif text-reno-sand-600\">An\u00e1lisis Visual<\/h5>\n<p>L\u00edquido color transparente con detalles Blancos-Plateados.<\/p>\n<\/div>\n<div class=\"flex flex-col gap-1\">\n<h5 class=\"font-serif text-reno-sand-600\">An\u00e1lisis Olfativo<\/h5>\n<p>Intensidad media-alta, con car\u00e1cter arom\u00e1tico Herbal-Mineral. La bebida nos hace recordar frutales tropicales as\u00ed como minerales.<\/p>\n<\/div>\n<div class=\"flex flex-col gap-1\">\n<h5 class=\"font-serif text-reno-sand-600\">An\u00e1lisis Gustativo<\/h5>\n<p>Notas minerales y herbales t\u00edpicas de agave cupreata.<\/p>\n<\/div>\n","protected":false},"excerpt":{"rendered":"<h4 class=\"font-serif text-2xl font-bold\">Maridaje<\/h4>\n<div class=\"flex flex-col gap-1\">\n<h5 class=\"font-serif text-reno-sand-600\">Recomendable con<\/h5>\n<p>Quesos de cabra, ranchero, feta y camembert. Ensaladas con kiwi, con aderezo de fresa o frambuesa, mostaza; pizza con queso feta, pato a la naranja, salm\u00f3n; prote\u00ednas blancas, cocina tradicional mexicana, italiana y peruana.<\/p>\n<\/div>\n","protected":false},"featured_media":805,"comment_status":"open","ping_status":"closed","template":"","meta":[],"product_cat":[15],"product_tag":[],"class_list":{"0":"post-812","1":"product","2":"type-product","3":"status-publish","4":"has-post-thumbnail","6":"product_cat-sin-categorizar","8":"first","9":"instock","10":"taxable","11":"shipping-taxable","12":"purchasable","13":"product-type-simple"},"_links":{"self":[{"href":"https:\/\/rmhstore.softinnovation.com.mx\/index.php\/wp-json\/wp\/v2\/product\/812"}],"collection":[{"href":"https:\/\/rmhstore.softinnovation.com.mx\/index.php\/wp-json\/wp\/v2\/product"}],"about":[{"href":"https:\/\/rmhstore.softinnovation.com.mx\/index.php\/wp-json\/wp\/v2\/types\/product"}],"replies":[{"embeddable":true,"href":"https:\/\/rmhstore.softinnovation.com.mx\/index.php\/wp-json\/wp\/v2\/comments?post=812"}],"wp:featuredmedia":[{"embeddable":true,"href":"https:\/\/rmhstore.softinnovation.com.mx\/index.php\/wp-json\/wp\/v2\/media\/805"}],"wp:attachment":[{"href":"https:\/\/rmhstore.softinnovation.com.mx\/index.php\/wp-json\/wp\/v2\/media?parent=812"}],"wp:term":[{"taxonomy":"product_cat","embeddable":true,"href":"https:\/\/rmhstore.softinnovation.com.mx\/index.php\/wp-json\/wp\/v2\/product_cat?post=812"},{"taxonomy":"product_tag","embeddable":true,"href":"https:\/\/rmhstore.softinnovation.com.mx\/index.php\/wp-json\/wp\/v2\/product_tag?post=812"}],"curies":[{"name":"wp","href":"https:\/\/api.w.org\/{rel}","templated":true}]}}