{"id":803,"date":"2024-10-01T23:26:06","date_gmt":"2024-10-01T23:26:06","guid":{"rendered":"http:\/\/localhost\/drinks\/?post_type=product&#038;p=803"},"modified":"2024-10-01T23:39:44","modified_gmt":"2024-10-01T23:39:44","slug":"cupreata-40","status":"publish","type":"product","link":"https:\/\/rmhstore.softinnovation.com.mx\/index.php\/producto\/cupreata-40\/","title":{"rendered":"Cupreata 40"},"content":{"rendered":"<h4 class=\"font-serif text-2xl font-bold\">Notas de la Cata<\/h4>\n<div class=\"flex flex-col gap-1\">\n<h5 class=\"font-serif text-reno-sand-600\">An\u00e1lisis Visual<\/h5>\n<p>L\u00edquido color transparente con detalles Blancos-Plateados.<\/p>\n<\/div>\n<div class=\"flex flex-col gap-1\">\n<h5 class=\"font-serif text-reno-sand-600\">An\u00e1lisis Olfativo<\/h5>\n<p>Intensidad media alta, con car\u00e1cter arom\u00e1tico Herbal-Mineral. Notas frutales y herbales (pino verde).<\/p>\n<\/div>\n<div class=\"flex flex-col gap-1\">\n<h5 class=\"font-serif text-reno-sand-600\">An\u00e1lisis Gustativo<\/h5>\n<p>Notas minerales y herbales t\u00edpicas de agave cupreata.<\/p>\n<\/div>\n","protected":false},"excerpt":{"rendered":"<h4 class=\"font-serif text-2xl font-bold\">Maridaje<\/h4>\n<div class=\"flex flex-col gap-1\">\n<h5 class=\"font-serif text-reno-sand-600\">Recomendable con<\/h5>\n<p>Quesos de cabra, ranchero y provioce. Ensaladas con frutas c\u00edtricas suaves. Comida asi\u00e1tica como Thai, Suchi de mango; prote\u00ednas blancas; cocina internacional francesa o italiana.<\/p>\n<\/div>\n","protected":false},"featured_media":804,"comment_status":"open","ping_status":"closed","template":"","meta":[],"product_cat":[15],"product_tag":[],"class_list":{"0":"post-803","1":"product","2":"type-product","3":"status-publish","4":"has-post-thumbnail","6":"product_cat-sin-categorizar","8":"first","9":"instock","10":"sale","11":"taxable","12":"shipping-taxable","13":"purchasable","14":"product-type-simple"},"_links":{"self":[{"href":"https:\/\/rmhstore.softinnovation.com.mx\/index.php\/wp-json\/wp\/v2\/product\/803"}],"collection":[{"href":"https:\/\/rmhstore.softinnovation.com.mx\/index.php\/wp-json\/wp\/v2\/product"}],"about":[{"href":"https:\/\/rmhstore.softinnovation.com.mx\/index.php\/wp-json\/wp\/v2\/types\/product"}],"replies":[{"embeddable":true,"href":"https:\/\/rmhstore.softinnovation.com.mx\/index.php\/wp-json\/wp\/v2\/comments?post=803"}],"wp:featuredmedia":[{"embeddable":true,"href":"https:\/\/rmhstore.softinnovation.com.mx\/index.php\/wp-json\/wp\/v2\/media\/804"}],"wp:attachment":[{"href":"https:\/\/rmhstore.softinnovation.com.mx\/index.php\/wp-json\/wp\/v2\/media?parent=803"}],"wp:term":[{"taxonomy":"product_cat","embeddable":true,"href":"https:\/\/rmhstore.softinnovation.com.mx\/index.php\/wp-json\/wp\/v2\/product_cat?post=803"},{"taxonomy":"product_tag","embeddable":true,"href":"https:\/\/rmhstore.softinnovation.com.mx\/index.php\/wp-json\/wp\/v2\/product_tag?post=803"}],"curies":[{"name":"wp","href":"https:\/\/api.w.org\/{rel}","templated":true}]}}